{"id":12,"date":"2023-12-19T20:28:39","date_gmt":"2023-12-19T20:28:39","guid":{"rendered":"http:\/\/agroteceuropa.com\/?page_id=12"},"modified":"2024-01-17T14:34:54","modified_gmt":"2024-01-17T14:34:54","slug":"energysave-by-agrotec","status":"publish","type":"page","link":"https:\/\/agroteceuropa.com\/es\/energysave-by-agrotec\/","title":{"rendered":"ENERGYSAVE By Agrotec"},"content":{"rendered":"<div data-elementor-type=\"wp-page\" data-elementor-id=\"12\" class=\"elementor elementor-12\" data-elementor-post-type=\"page\">\n\t\t\t\t\t\t<section class=\"elementor-section elementor-top-section elementor-element elementor-element-082b5a9 elementor-section-height-min-height elementor-section-boxed elementor-section-height-default elementor-section-items-middle\" data-id=\"082b5a9\" data-element_type=\"section\" data-e-type=\"section\" data-settings=\"{&quot;background_background&quot;:&quot;classic&quot;}\">\n\t\t\t\t\t\t\t<div class=\"elementor-background-overlay\"><\/div>\n\t\t\t\t\t\t\t<div class=\"elementor-container elementor-column-gap-no\">\n\t\t\t\t\t<div class=\"elementor-column elementor-col-50 elementor-top-column elementor-element elementor-element-4cb6696\" data-id=\"4cb6696\" data-element_type=\"column\" data-e-type=\"column\">\n\t\t\t<div class=\"elementor-widget-wrap elementor-element-populated\">\n\t\t\t\t\t\t<div class=\"elementor-element elementor-element-fd90470 elementor-widget elementor-widget-image\" data-id=\"fd90470\" data-element_type=\"widget\" data-e-type=\"widget\" data-widget_type=\"image.default\">\n\t\t\t\t<div class=\"elementor-widget-container\">\n\t\t\t\t\t\t\t\t\t\t\t\t\t\t\t<img decoding=\"async\" width=\"402\" height=\"120\" src=\"https:\/\/agroteceuropa.com\/wp-content\/uploads\/2023\/12\/cropped-Image20231224213449.png\" class=\"attachment-large size-large wp-image-516\" alt=\"\" srcset=\"https:\/\/agroteceuropa.com\/wp-content\/uploads\/2023\/12\/cropped-Image20231224213449.png 402w, https:\/\/agroteceuropa.com\/wp-content\/uploads\/2023\/12\/cropped-Image20231224213449-300x90.png 300w, https:\/\/agroteceuropa.com\/wp-content\/uploads\/2023\/12\/cropped-Image20231224213449-18x5.png 18w\" sizes=\"(max-width: 402px) 100vw, 402px\" \/>\t\t\t\t\t\t\t\t\t\t\t\t\t\t\t<\/div>\n\t\t\t\t<\/div>\n\t\t\t\t<div class=\"elementor-element elementor-element-6f24a30 elementor-widget elementor-widget-text-editor\" data-id=\"6f24a30\" data-element_type=\"widget\" data-e-type=\"widget\" data-widget_type=\"text-editor.default\">\n\t\t\t\t<div class=\"elementor-widget-container\">\n\t\t\t\t\t\t\t\t\t<p>En Agrotec trabajamos constantemente en implementar nuevas tecnolog\u00edas que impulsen a conseguir la mayor productividad al menor coste, mejorando la competitividad de nuestros clientes frente al resto.<\/p>\t\t\t\t\t\t\t\t<\/div>\n\t\t\t\t<\/div>\n\t\t\t\t\t<\/div>\n\t\t<\/div>\n\t\t\t\t<div class=\"elementor-column elementor-col-50 elementor-top-column elementor-element elementor-element-27b9316 elementor-hidden-tablet elementor-hidden-mobile\" data-id=\"27b9316\" data-element_type=\"column\" data-e-type=\"column\">\n\t\t\t<div class=\"elementor-widget-wrap\">\n\t\t\t\t\t\t\t<\/div>\n\t\t<\/div>\n\t\t\t\t\t<\/div>\n\t\t<\/section>\n\t\t\t\t<section class=\"elementor-section elementor-top-section elementor-element elementor-element-4937383 elementor-section-boxed elementor-section-height-default elementor-section-height-default\" data-id=\"4937383\" data-element_type=\"section\" data-e-type=\"section\">\n\t\t\t\t\t\t<div class=\"elementor-container elementor-column-gap-default\">\n\t\t\t\t\t<div class=\"elementor-column elementor-col-50 elementor-top-column elementor-element elementor-element-17ed609\" data-id=\"17ed609\" data-element_type=\"column\" data-e-type=\"column\">\n\t\t\t<div class=\"elementor-widget-wrap elementor-element-populated\">\n\t\t\t\t\t\t<section class=\"elementor-section elementor-inner-section elementor-element elementor-element-d3db025 elementor-section-full_width elementor-section-height-default elementor-section-height-default\" data-id=\"d3db025\" data-element_type=\"section\" data-e-type=\"section\">\n\t\t\t\t\t\t<div class=\"elementor-container elementor-column-gap-default\">\n\t\t\t\t\t<div class=\"elementor-column elementor-col-100 elementor-inner-column elementor-element elementor-element-5ae7b3b\" data-id=\"5ae7b3b\" data-element_type=\"column\" data-e-type=\"column\">\n\t\t\t<div class=\"elementor-widget-wrap elementor-element-populated\">\n\t\t\t\t\t\t<div class=\"elementor-element elementor-element-ea25c73 elementor-widget elementor-widget-image\" data-id=\"ea25c73\" data-element_type=\"widget\" data-e-type=\"widget\" data-widget_type=\"image.default\">\n\t\t\t\t<div class=\"elementor-widget-container\">\n\t\t\t\t\t\t\t\t\t\t\t\t\t\t\t<img fetchpriority=\"high\" decoding=\"async\" width=\"1500\" height=\"1000\" src=\"https:\/\/agroteceuropa.com\/wp-content\/uploads\/2023\/12\/foto-12-agrotec-2.jpg\" class=\"attachment-full size-full wp-image-658\" alt=\"\" srcset=\"https:\/\/agroteceuropa.com\/wp-content\/uploads\/2023\/12\/foto-12-agrotec-2.jpg 1500w, https:\/\/agroteceuropa.com\/wp-content\/uploads\/2023\/12\/foto-12-agrotec-2-300x200.jpg 300w, https:\/\/agroteceuropa.com\/wp-content\/uploads\/2023\/12\/foto-12-agrotec-2-1024x683.jpg 1024w, https:\/\/agroteceuropa.com\/wp-content\/uploads\/2023\/12\/foto-12-agrotec-2-768x512.jpg 768w, https:\/\/agroteceuropa.com\/wp-content\/uploads\/2023\/12\/foto-12-agrotec-2-18x12.jpg 18w, https:\/\/agroteceuropa.com\/wp-content\/uploads\/2023\/12\/foto-12-agrotec-2-24x16.jpg 24w, https:\/\/agroteceuropa.com\/wp-content\/uploads\/2023\/12\/foto-12-agrotec-2-36x24.jpg 36w, https:\/\/agroteceuropa.com\/wp-content\/uploads\/2023\/12\/foto-12-agrotec-2-48x32.jpg 48w\" sizes=\"(max-width: 1500px) 100vw, 1500px\" \/>\t\t\t\t\t\t\t\t\t\t\t\t\t\t\t<\/div>\n\t\t\t\t<\/div>\n\t\t\t\t<div class=\"elementor-element elementor-element-28cfd9d elementor-widget-divider--view-line_text elementor-widget-divider--element-align-left elementor-widget elementor-widget-divider\" data-id=\"28cfd9d\" data-element_type=\"widget\" data-e-type=\"widget\" data-widget_type=\"divider.default\">\n\t\t\t\t<div class=\"elementor-widget-container\">\n\t\t\t\t\t\t\t<div class=\"elementor-divider\">\n\t\t\t<span class=\"elementor-divider-separator\">\n\t\t\t\t\t\t\t<span class=\"elementor-divider__text elementor-divider__element\">\n\t\t\t\tENERGYSAVE By Agrotec\t\t\t\t<\/span>\n\t\t\t\t\t\t<\/span>\n\t\t<\/div>\n\t\t\t\t\t\t<\/div>\n\t\t\t\t<\/div>\n\t\t\t\t<div class=\"elementor-element elementor-element-25609b7 elementor-widget elementor-widget-heading\" data-id=\"25609b7\" data-element_type=\"widget\" data-e-type=\"widget\" data-widget_type=\"heading.default\">\n\t\t\t\t<div class=\"elementor-widget-container\">\n\t\t\t\t\t<h1 class=\"elementor-heading-title elementor-size-default\">Energysave by AGROTEC <\/h1>\t\t\t\t<\/div>\n\t\t\t\t<\/div>\n\t\t\t\t<div class=\"elementor-element elementor-element-388645c elementor-widget elementor-widget-text-editor\" data-id=\"388645c\" data-element_type=\"widget\" data-e-type=\"widget\" data-widget_type=\"text-editor.default\">\n\t\t\t\t<div class=\"elementor-widget-container\">\n\t\t\t\t\t\t\t\t\t<p>Mediante la combinaci\u00f3n de instalaci\u00f3n de bomba de calor y nuestro sistema patentado de recuperaci\u00f3n de aire caliente, el que una vez procesado y filtrado para retirar la humedad, se procede a su reutilizaci\u00f3n a trav\u00e9s de tubos intercambiadores logrando un ahorro energ\u00e9tico desde un 40 a un 50% dependiendo de la superficie y producto a secar.<\/p><p>Esto, junto a la implantaci\u00f3n de sistema de sondas de control de temperatura en cada banda, sensores de control de humedad que emiten valores continuos que son parametrizados mediante el software Energysave by Agrotec, adaptando de forma autom\u00e1tica (efecto de conducci\u00f3n en piloto autom\u00e1tico) la velocidad de secado\/deshidratado \u00f3ptima en cada momento y seg\u00fan las caracter\u00edsticas y las variables de la entrada del producto, extremo que maximiza la eficiencia del proceso final, logrando un incremento productivo en torno al 20%.<\/p>\t\t\t\t\t\t\t\t<\/div>\n\t\t\t\t<\/div>\n\t\t\t\t<div class=\"elementor-element elementor-element-5da2770 elementor-hidden-desktop elementor-hidden-tablet elementor-widget elementor-widget-image\" data-id=\"5da2770\" data-element_type=\"widget\" data-e-type=\"widget\" data-widget_type=\"image.default\">\n\t\t\t\t<div class=\"elementor-widget-container\">\n\t\t\t\t\t\t\t\t\t\t\t\t\t\t\t<img decoding=\"async\" width=\"2211\" height=\"2227\" src=\"https:\/\/agroteceuropa.com\/wp-content\/uploads\/2023\/12\/foto-13.jpeg\" class=\"attachment-full size-full wp-image-665\" alt=\"\" srcset=\"https:\/\/agroteceuropa.com\/wp-content\/uploads\/2023\/12\/foto-13.jpeg 2211w, https:\/\/agroteceuropa.com\/wp-content\/uploads\/2023\/12\/foto-13-298x300.jpeg 298w, https:\/\/agroteceuropa.com\/wp-content\/uploads\/2023\/12\/foto-13-1017x1024.jpeg 1017w, https:\/\/agroteceuropa.com\/wp-content\/uploads\/2023\/12\/foto-13-150x150.jpeg 150w, https:\/\/agroteceuropa.com\/wp-content\/uploads\/2023\/12\/foto-13-768x774.jpeg 768w, https:\/\/agroteceuropa.com\/wp-content\/uploads\/2023\/12\/foto-13-1525x1536.jpeg 1525w, https:\/\/agroteceuropa.com\/wp-content\/uploads\/2023\/12\/foto-13-2033x2048.jpeg 2033w, https:\/\/agroteceuropa.com\/wp-content\/uploads\/2023\/12\/foto-13-12x12.jpeg 12w, https:\/\/agroteceuropa.com\/wp-content\/uploads\/2023\/12\/foto-13-24x24.jpeg 24w, https:\/\/agroteceuropa.com\/wp-content\/uploads\/2023\/12\/foto-13-36x36.jpeg 36w, https:\/\/agroteceuropa.com\/wp-content\/uploads\/2023\/12\/foto-13-48x48.jpeg 48w\" sizes=\"(max-width: 2211px) 100vw, 2211px\" \/>\t\t\t\t\t\t\t\t\t\t\t\t\t\t\t<\/div>\n\t\t\t\t<\/div>\n\t\t\t\t\t<\/div>\n\t\t<\/div>\n\t\t\t\t\t<\/div>\n\t\t<\/section>\n\t\t\t\t\t<\/div>\n\t\t<\/div>\n\t\t\t\t<div class=\"elementor-column elementor-col-50 elementor-top-column elementor-element elementor-element-b3e6aec\" data-id=\"b3e6aec\" data-element_type=\"column\" data-e-type=\"column\">\n\t\t\t<div class=\"elementor-widget-wrap elementor-element-populated\">\n\t\t\t\t\t\t<div class=\"elementor-element elementor-element-a5333c6 elementor-widget elementor-widget-text-editor\" data-id=\"a5333c6\" data-element_type=\"widget\" data-e-type=\"widget\" data-widget_type=\"text-editor.default\">\n\t\t\t\t<div class=\"elementor-widget-container\">\n\t\t\t\t\t\t\t\t\t<p>Ambos sistemas pueden ser incorporados a su instalaci\u00f3n existente previo estudio por parte de nuestro departamento t\u00e9cnico. Cons\u00faltenos y le asesoraremos.<\/p>\t\t\t\t\t\t\t\t<\/div>\n\t\t\t\t<\/div>\n\t\t\t\t<div class=\"elementor-element elementor-element-7c2d318 elementor-hidden-tablet elementor-hidden-mobile elementor-widget elementor-widget-image\" data-id=\"7c2d318\" data-element_type=\"widget\" data-e-type=\"widget\" data-widget_type=\"image.default\">\n\t\t\t\t<div class=\"elementor-widget-container\">\n\t\t\t\t\t\t\t\t\t\t\t\t\t\t\t<img decoding=\"async\" width=\"2211\" height=\"2227\" src=\"https:\/\/agroteceuropa.com\/wp-content\/uploads\/2023\/12\/foto-13.jpeg\" class=\"attachment-full size-full wp-image-665\" alt=\"\" srcset=\"https:\/\/agroteceuropa.com\/wp-content\/uploads\/2023\/12\/foto-13.jpeg 2211w, https:\/\/agroteceuropa.com\/wp-content\/uploads\/2023\/12\/foto-13-298x300.jpeg 298w, https:\/\/agroteceuropa.com\/wp-content\/uploads\/2023\/12\/foto-13-1017x1024.jpeg 1017w, https:\/\/agroteceuropa.com\/wp-content\/uploads\/2023\/12\/foto-13-150x150.jpeg 150w, https:\/\/agroteceuropa.com\/wp-content\/uploads\/2023\/12\/foto-13-768x774.jpeg 768w, https:\/\/agroteceuropa.com\/wp-content\/uploads\/2023\/12\/foto-13-1525x1536.jpeg 1525w, https:\/\/agroteceuropa.com\/wp-content\/uploads\/2023\/12\/foto-13-2033x2048.jpeg 2033w, https:\/\/agroteceuropa.com\/wp-content\/uploads\/2023\/12\/foto-13-12x12.jpeg 12w, https:\/\/agroteceuropa.com\/wp-content\/uploads\/2023\/12\/foto-13-24x24.jpeg 24w, https:\/\/agroteceuropa.com\/wp-content\/uploads\/2023\/12\/foto-13-36x36.jpeg 36w, https:\/\/agroteceuropa.com\/wp-content\/uploads\/2023\/12\/foto-13-48x48.jpeg 48w\" sizes=\"(max-width: 2211px) 100vw, 2211px\" \/>\t\t\t\t\t\t\t\t\t\t\t\t\t\t\t<\/div>\n\t\t\t\t<\/div>\n\t\t\t\t\t<\/div>\n\t\t<\/div>\n\t\t\t\t\t<\/div>\n\t\t<\/section>\n\t\t\t\t<\/div>","protected":false},"excerpt":{"rendered":"<p>In Agrotec we are constantly working to implement new technologies that drive to achieve the highest productivity at the lowest cost, improving the competitiveness of our customers against the rest. Energysave by AGROTEC Through the combination of heat pump installation and our patented hot air recovery system, which once processed and filtered to remove moisture, [&hellip;]<\/p>\n","protected":false},"author":2,"featured_media":0,"parent":0,"menu_order":0,"comment_status":"closed","ping_status":"closed","template":"elementor_header_footer","meta":{"footnotes":""},"class_list":["post-12","page","type-page","status-publish","hentry"],"_links":{"self":[{"href":"https:\/\/agroteceuropa.com\/es\/wp-json\/wp\/v2\/pages\/12","targetHints":{"allow":["GET"]}}],"collection":[{"href":"https:\/\/agroteceuropa.com\/es\/wp-json\/wp\/v2\/pages"}],"about":[{"href":"https:\/\/agroteceuropa.com\/es\/wp-json\/wp\/v2\/types\/page"}],"author":[{"embeddable":true,"href":"https:\/\/agroteceuropa.com\/es\/wp-json\/wp\/v2\/users\/2"}],"replies":[{"embeddable":true,"href":"https:\/\/agroteceuropa.com\/es\/wp-json\/wp\/v2\/comments?post=12"}],"version-history":[{"count":87,"href":"https:\/\/agroteceuropa.com\/es\/wp-json\/wp\/v2\/pages\/12\/revisions"}],"predecessor-version":[{"id":1469,"href":"https:\/\/agroteceuropa.com\/es\/wp-json\/wp\/v2\/pages\/12\/revisions\/1469"}],"wp:attachment":[{"href":"https:\/\/agroteceuropa.com\/es\/wp-json\/wp\/v2\/media?parent=12"}],"curies":[{"name":"wp","href":"https:\/\/api.w.org\/{rel}","templated":true}]}}